{"id":2237,"date":"2021-02-24T12:59:25","date_gmt":"2021-02-24T11:59:25","guid":{"rendered":"http:\/\/sabelya.fr\/?post_type=product&#038;p=2237"},"modified":"2024-08-10T13:34:55","modified_gmt":"2024-08-10T11:34:55","slug":"kot","status":"publish","type":"product","link":"https:\/\/sabelya.fr\/en\/shop\/kot\/","title":{"rendered":"KOT OD"},"content":{"rendered":"<p><em><strong>Dual Overdrive<\/strong><br \/>\nAnalog Man<\/em>, in collaboration with <em>Jim Weider,<\/em>' proposes a subtle overdrive which is revered by the Guitar World.<\/p>\n<p>Using a completely faithful-to-the-original circuitry, the idea is to offer a slightly different take on the pedal which is considered as the '<em>Holy Grail' of pedals<\/em>\u00a0and still manufactured to this day by its designer.<br \/>\nA \u2018functional\u2019 bias in order to obtain a <em>2-channel overdrive, <\/em>canaux ind\u00e9pendants et cumulables, configur\u00e9e de diff\u00e9rentes fa\u00e7ons.<\/p>\n<h6 style=\"text-align: center;\"><span style=\"color: #999999;\"><em>Boutique Pedals for Guitar &amp; Bass - Handmade in France<\/em><\/span><\/h6>","protected":false},"excerpt":{"rendered":"<p><em>This is our version of the <\/em><strong>KING OF TONE<\/strong><em>\u00a0by Analog Man, you\u2019ll never need another overdrive pedal..<\/em><\/p>\n<p><em><strong>V\u00a0<\/strong>(Vol)<\/em><br \/>\n<em><strong>D<\/strong>\u00a0(Drive)<br \/>\n<strong>T\u00a0<\/strong>(Tone)<br \/>\n<strong>Clip<\/strong>\u00a0: 'clipping' diodes<br \/>\n<\/em><em>Inside the box, little Trimmer (one per Channel) sets the tone '<strong>Presence<\/strong>'.<\/em><\/p>","protected":false},"featured_media":5826,"template":"","meta":{"slim_seo":{"description":"King Of Tone Analogman, KOT 2 channels Overdrive Boost clone pedal","title":"KOT OD - SABELYA\u00ae"},"_links_to":"","_links_to_target":""},"product_brand":[],"product_cat":[319],"product_tag":[],"class_list":{"0":"post-2237","1":"product","2":"type-product","3":"status-publish","4":"has-post-thumbnail","6":"product_cat-drive","8":"first","9":"onbackorder","10":"shipping-taxable","11":"purchasable","12":"product-type-variable","13":"has-default-attributes","14":"rtwpvg-product"},"_links":{"self":[{"href":"https:\/\/sabelya.fr\/en\/wp-json\/wp\/v2\/product\/2237","targetHints":{"allow":["GET"]}}],"collection":[{"href":"https:\/\/sabelya.fr\/en\/wp-json\/wp\/v2\/product"}],"about":[{"href":"https:\/\/sabelya.fr\/en\/wp-json\/wp\/v2\/types\/product"}],"wp:featuredmedia":[{"embeddable":true,"href":"https:\/\/sabelya.fr\/en\/wp-json\/wp\/v2\/media\/5826"}],"wp:attachment":[{"href":"https:\/\/sabelya.fr\/en\/wp-json\/wp\/v2\/media?parent=2237"}],"wp:term":[{"taxonomy":"product_brand","embeddable":true,"href":"https:\/\/sabelya.fr\/en\/wp-json\/wp\/v2\/product_brand?post=2237"},{"taxonomy":"product_cat","embeddable":true,"href":"https:\/\/sabelya.fr\/en\/wp-json\/wp\/v2\/product_cat?post=2237"},{"taxonomy":"product_tag","embeddable":true,"href":"https:\/\/sabelya.fr\/en\/wp-json\/wp\/v2\/product_tag?post=2237"}],"curies":[{"name":"wp","href":"https:\/\/api.w.org\/{rel}","templated":true}]}}