{"id":2296,"date":"2020-12-31T17:09:30","date_gmt":"2020-12-31T16:09:30","guid":{"rendered":"http:\/\/sabelya.fr\/?post_type=product&#038;p=2296"},"modified":"2025-06-01T18:17:12","modified_gmt":"2025-06-01T16:17:12","slug":"klon-centaur","status":"publish","type":"product","link":"https:\/\/sabelya.fr\/en\/shop\/klon-centaur\/","title":{"rendered":"Klon Centaur"},"content":{"rendered":"<p>Originally developed by <em>Bill Finnegan<\/em> and some <em>MIT<\/em> engineers in the beginning of the <strong><em>90&prime;<\/em><\/strong>.<br \/>\nOne of the innovative characteristics of that period was the mix of the guitar's clean sound  and the 'driven' sound  generated by the<em>son clean<\/em>&lsquo; de la guitare et &lsquo;<em>son drive<\/em>&lsquo; g\u00e9n\u00e9r\u00e9 par l&rsquo;effet, \u00e0 base de\u00a0<em>Germanium-diode effect <strong>Germanium<\/strong><\/em>. The balance was obtained with a double <em>Gain<\/em>.<br \/>\nThe <em>charge pump<\/em>\u00a0(device enabling the transformation of power supply) sends different voltage values to the amplification circuits.<\/p>\n<p>Today, an original <em>Klon Centaur<\/em> is considered as a collector\u2019s item and can fetch up to several thousand euros.<\/p>\n<p><em>Tested by <strong>Guitare Xtreme<\/strong> (num 90)<\/em><br \/>\n<a href=\"https:\/\/sabelya.fr\/en\/guitare-xtreme-90\/\" target=\"_blank\" rel=\"noopener\"><img loading=\"lazy\" decoding=\"async\" class=\"alignnone wp-image-4429 size-thumbnail\" src=\"https:\/\/sabelya.fr\/blog\/wp-content\/uploads\/2019\/01\/Guitare-Xtreme-150x150.jpg\" alt=\"\" width=\"150\" height=\"150\" srcset=\"https:\/\/sabelya.fr\/blog\/wp-content\/uploads\/2019\/01\/Guitare-Xtreme-150x150.jpg 150w, https:\/\/sabelya.fr\/blog\/wp-content\/uploads\/2019\/01\/Guitare-Xtreme-500x500.jpg 500w, https:\/\/sabelya.fr\/blog\/wp-content\/uploads\/2019\/01\/Guitare-Xtreme-100x100.jpg 100w, https:\/\/sabelya.fr\/blog\/wp-content\/uploads\/2019\/01\/Guitare-Xtreme-1200x1200.jpg 1200w, https:\/\/sabelya.fr\/blog\/wp-content\/uploads\/2019\/01\/Guitare-Xtreme-300x300.jpg 300w, https:\/\/sabelya.fr\/blog\/wp-content\/uploads\/2019\/01\/Guitare-Xtreme-768x768.jpg 768w, https:\/\/sabelya.fr\/blog\/wp-content\/uploads\/2019\/01\/Guitare-Xtreme-1024x1024.jpg 1024w, https:\/\/sabelya.fr\/blog\/wp-content\/uploads\/2019\/01\/Guitare-Xtreme-590x590.jpg 590w, https:\/\/sabelya.fr\/blog\/wp-content\/uploads\/2019\/01\/Guitare-Xtreme-200x200.jpg 200w, https:\/\/sabelya.fr\/blog\/wp-content\/uploads\/2019\/01\/Guitare-Xtreme.jpg 1755w\" sizes=\"auto, (max-width: 150px) 100vw, 150px\" \/><\/a><\/p>\n<h6 style=\"text-align: center;\"><span style=\"color: #999999;\"><em>Boutique Pedals for Guitar &amp; Bass - Handmade in France<\/em><\/span><\/h6>","protected":false},"excerpt":{"rendered":"<p><em>No need to present a renowned overdrive, the\u00a0<\/em><strong>KLON CENTAUR<\/strong><\/p>\n<p><em><strong>Vol<\/strong><\/em><br \/>\n<strong>Gain<\/strong><em><br \/>\n<strong>Tone<br \/>\n<\/strong>Switchs<strong> Clip <\/strong>&amp;<strong> Fat <\/strong>as options (description when choosing)<\/em><\/p>","protected":false},"featured_media":6943,"template":"","meta":{"slim_seo":{"description":"Klon Centaur Boost Overdrive clone, made in France","title":"Klon Centaur - SABELYA\u00ae"},"_links_to":"","_links_to_target":""},"product_brand":[],"product_cat":[320,319],"product_tag":[],"class_list":{"0":"post-2296","1":"product","2":"type-product","3":"status-publish","4":"has-post-thumbnail","6":"product_cat-boost","7":"product_cat-drive","9":"first","10":"onbackorder","11":"shipping-taxable","12":"purchasable","13":"product-type-variable","14":"has-default-attributes","15":"rtwpvg-product"},"_links":{"self":[{"href":"https:\/\/sabelya.fr\/en\/wp-json\/wp\/v2\/product\/2296","targetHints":{"allow":["GET"]}}],"collection":[{"href":"https:\/\/sabelya.fr\/en\/wp-json\/wp\/v2\/product"}],"about":[{"href":"https:\/\/sabelya.fr\/en\/wp-json\/wp\/v2\/types\/product"}],"wp:featuredmedia":[{"embeddable":true,"href":"https:\/\/sabelya.fr\/en\/wp-json\/wp\/v2\/media\/6943"}],"wp:attachment":[{"href":"https:\/\/sabelya.fr\/en\/wp-json\/wp\/v2\/media?parent=2296"}],"wp:term":[{"taxonomy":"product_brand","embeddable":true,"href":"https:\/\/sabelya.fr\/en\/wp-json\/wp\/v2\/product_brand?post=2296"},{"taxonomy":"product_cat","embeddable":true,"href":"https:\/\/sabelya.fr\/en\/wp-json\/wp\/v2\/product_cat?post=2296"},{"taxonomy":"product_tag","embeddable":true,"href":"https:\/\/sabelya.fr\/en\/wp-json\/wp\/v2\/product_tag?post=2296"}],"curies":[{"name":"wp","href":"https:\/\/api.w.org\/{rel}","templated":true}]}}