{"id":4038,"date":"2021-01-18T19:30:10","date_gmt":"2021-01-18T18:30:10","guid":{"rendered":"https:\/\/sabelya.fr\/?post_type=product&#038;p=4038"},"modified":"2025-12-12T11:48:34","modified_gmt":"2025-12-12T10:48:34","slug":"o-finest-reverb","status":"publish","type":"product","link":"https:\/\/sabelya.fr\/en\/shop\/o-finest-reverb\/","title":{"rendered":"\u00d4 Finest R\u00e9verb"},"content":{"rendered":"<p><em>The space that surrounds us.., \u00d4 !<\/em><\/p>\n<p><em>Convergence point of uncountable reflections, the <strong>Reverb<\/strong> defies space and time, expresses our mood to touch our souls.<\/em><br \/>\n<em>And like as a radio receiver, our brain focuses on flow of sound wave in order to decrypt its essence.<\/em><\/p>\n<p>Inside the pedal, a transistor-driven <em>'Accutronics Belton<\/em>' module, maintains a natural and dynamic sound, one of the key points is to not alter your instrument's <em>sustain.<\/em> de votre instrument.<br \/>\n<strong>\u00d4<\/strong>\u00a0is versatile, discreet and creative, even in the spirit of a <em>Jeff Buckley<\/em> with its unique <em>Echo Wave<\/em> function..<br \/>\nYou should try it out !<\/p>\n<h6 style=\"text-align: center;\"><span style=\"color: #999999;\"><em>Boutique Pedals for Guitar &amp; Bass - Handmade in France<\/em><\/span><\/h6>","protected":false},"excerpt":{"rendered":"<p><em><strong>\u00d4<\/strong>, the world <strong>Finest Reverb<\/strong><\/em><\/p>\n<p><span style=\"color: #b3af54;\"><i class=\"fas fa-guitar\"><\/i> ( For Guitar &amp; Bass )<\/span><\/p>\n<p><em><strong>Mix<\/strong>\u00a0(Dry\/Wet)<\/em><br \/>\n<em><strong>Deep<\/strong>\u00a0(switch between 2 reverb depths)<br \/>\n<\/em><em><strong>Wave<\/strong> (Momentary footswitch for a 'freeze' effect or 'infinite feedback' while playing, by <span style=\"text-decoration: underline;\">holding down<\/span>)<\/em><br \/>\n<em><strong>Echo Wave<\/strong> ('freeze' effect for the 'Wave' Mod, depends also on Mix &amp; Deep settings)<\/em><\/p>","protected":false},"featured_media":6630,"template":"","meta":{"slim_seo":{"description":"\u00d4, the World Finest Reverb, effet Wave freeze","title":"\u00d4 Finest R\u00e9verb - SABELYA\u00ae"},"_links_to":"","_links_to_target":""},"product_brand":[],"product_cat":[322],"product_tag":[],"class_list":{"0":"post-4038","1":"product","2":"type-product","3":"status-publish","4":"has-post-thumbnail","6":"product_cat-modulation","8":"first","9":"onbackorder","10":"shipping-taxable","11":"purchasable","12":"product-type-simple"},"_links":{"self":[{"href":"https:\/\/sabelya.fr\/en\/wp-json\/wp\/v2\/product\/4038","targetHints":{"allow":["GET"]}}],"collection":[{"href":"https:\/\/sabelya.fr\/en\/wp-json\/wp\/v2\/product"}],"about":[{"href":"https:\/\/sabelya.fr\/en\/wp-json\/wp\/v2\/types\/product"}],"wp:featuredmedia":[{"embeddable":true,"href":"https:\/\/sabelya.fr\/en\/wp-json\/wp\/v2\/media\/6630"}],"wp:attachment":[{"href":"https:\/\/sabelya.fr\/en\/wp-json\/wp\/v2\/media?parent=4038"}],"wp:term":[{"taxonomy":"product_brand","embeddable":true,"href":"https:\/\/sabelya.fr\/en\/wp-json\/wp\/v2\/product_brand?post=4038"},{"taxonomy":"product_cat","embeddable":true,"href":"https:\/\/sabelya.fr\/en\/wp-json\/wp\/v2\/product_cat?post=4038"},{"taxonomy":"product_tag","embeddable":true,"href":"https:\/\/sabelya.fr\/en\/wp-json\/wp\/v2\/product_tag?post=4038"}],"curies":[{"name":"wp","href":"https:\/\/api.w.org\/{rel}","templated":true}]}}