{"id":5315,"date":"2019-11-30T18:56:09","date_gmt":"2019-11-30T17:56:09","guid":{"rendered":"https:\/\/sabelya.fr\/?post_type=product&#038;p=5315"},"modified":"2024-08-10T13:49:50","modified_gmt":"2024-08-10T11:49:50","slug":"allin1","status":"publish","type":"product","link":"https:\/\/sabelya.fr\/en\/shop\/allin1\/","title":{"rendered":"ALLin1 Multi FX"},"content":{"rendered":"<p><i><strong>Custom Multi FX<\/strong><br \/>\nToo many jacks ! Another power cord ? In what order should I place the effects ?<\/i><br \/>\n<i>All these questions now become a thing of the past with the Multi Effets Boutique !\u00a0<\/i><\/p>\n<p>A compact, streamlined and very design stomp box, offering a range of effects which define a style. It\u2019s the ideal companion for the modern musician :<br \/>\n<em>&gt; 2 stompbox sizes<\/em><br \/>\n<em>&gt; from 3 to 5 effects ( Tremolo, Boost, Overdrive, Distortion, Fuzz, Reverb, Delay, Treble Booster.. )<\/em><\/p>\n<h6 style=\"text-align: center;\"><span style=\"color: #999999;\"><em>Boutique Pedals for Guitar &amp; Bass - Handmade in France<\/em><\/span><\/h6>","protected":false},"excerpt":{"rendered":"<p><strong>ALLIN1<\/strong><em>, Boutique Fly Rig !<strong><br \/>\n<\/strong><\/em><span style=\"font-size: 20px;\">Vous avez le choix entre un mod\u00e8le pr\u00e9d\u00e9fini ou la libert\u00e9 de concevoir un mod\u00e8le <\/span><strong style=\"font-size: 20px;\">custom<\/strong><span style=\"font-size: 20px;\">.<\/span><\/p>","protected":false},"featured_media":9111,"template":"","meta":{"slim_seo":{"description":"Multi Effets Boutique, Fly rig, tout en un, all in one","title":"ALLin1 Multi FX - SABELYA\u00ae"},"_links_to":"","_links_to_target":""},"product_brand":[],"product_cat":[34],"product_tag":[],"class_list":{"0":"post-5315","1":"product","2":"type-product","3":"status-publish","4":"has-post-thumbnail","6":"product_cat-autre","8":"first","9":"instock","10":"shipping-taxable","11":"purchasable","12":"product-type-variable","13":"has-default-attributes","14":"rtwpvg-product"},"_links":{"self":[{"href":"https:\/\/sabelya.fr\/en\/wp-json\/wp\/v2\/product\/5315","targetHints":{"allow":["GET"]}}],"collection":[{"href":"https:\/\/sabelya.fr\/en\/wp-json\/wp\/v2\/product"}],"about":[{"href":"https:\/\/sabelya.fr\/en\/wp-json\/wp\/v2\/types\/product"}],"wp:featuredmedia":[{"embeddable":true,"href":"https:\/\/sabelya.fr\/en\/wp-json\/wp\/v2\/media\/9111"}],"wp:attachment":[{"href":"https:\/\/sabelya.fr\/en\/wp-json\/wp\/v2\/media?parent=5315"}],"wp:term":[{"taxonomy":"product_brand","embeddable":true,"href":"https:\/\/sabelya.fr\/en\/wp-json\/wp\/v2\/product_brand?post=5315"},{"taxonomy":"product_cat","embeddable":true,"href":"https:\/\/sabelya.fr\/en\/wp-json\/wp\/v2\/product_cat?post=5315"},{"taxonomy":"product_tag","embeddable":true,"href":"https:\/\/sabelya.fr\/en\/wp-json\/wp\/v2\/product_tag?post=5315"}],"curies":[{"name":"wp","href":"https:\/\/api.w.org\/{rel}","templated":true}]}}