{"id":8108,"date":"2021-11-29T16:08:37","date_gmt":"2021-11-29T15:08:37","guid":{"rendered":"https:\/\/sabelya.fr\/?post_type=product&#038;p=8108"},"modified":"2026-04-28T16:23:54","modified_gmt":"2026-04-28T14:23:54","slug":"little-monster","status":"publish","type":"product","link":"https:\/\/sabelya.fr\/en\/shop\/little-monster\/","title":{"rendered":"<i class=\"fas fa-lightbulb\"><\/i> Little Monster Amp"},"content":{"rendered":"<p><em>Perfectly at home in its sonic environment..<\/em><\/p>\n<p>A Handcrafted Tube Guitar Amplifier, Made in France with <em>\u2018Point Par Point\u2019 wiring<\/em>, carefully selected components, in a compact aluminum format, with a surprising design for a unique and captivating Amp !<em><br \/>\n<\/em>With its <em>neo-retro looks<\/em>, <strong><em>Little Monster<\/em><\/strong> houses a Preamp <strong><em>Custom<\/em><em>\u00a0<\/em><\/strong>type Preamp combined with a solid <em>Class A\/AB (Push-Pull &#8211; 2x EL84).<br \/>\n<\/em>Whether in rehearsals or performing live, your sound keeps the warmth, dirt and dynamics of a <em><strong>15 watts<\/strong><\/em>\u00a0<em>tube (e.g.\u00a0Fender Blues Junior)\u00a0<\/em>that will never let you down.<\/p>\n<ul>\n<li><span style=\"color: #ff6600;\"><em><strong>Smokin\u2019<\/strong><\/em><\/span><br \/>\n<em>In the spirit of late 50's Tube Amps<\/em><br \/>\nIntuitif, r\u00e9actif et tr\u00e8s versatile, un son organique inimitable qui ne demande qu\u2019\u00e0 s\u2019exprimer ! Vous aurez du \u2018clean\u2019 ET du \u2018crunch\u2019 avec tout ce qu\u2019il faut de \u2018woof\u2019<br \/>\n<em><strong>On\/Stb<br \/>\nVol\u00a0<\/strong>(Amp personality with drive and 'trunk' as you push this setting)<br \/>\n<strong>Tone<br \/>\nMaster\u00a0<\/strong>(a PPIMV dual Pot, just before the Tube Amp section)<\/em><\/li>\n<li><span style=\"color: #ff6600;\"><em><strong>F. Princeton<\/strong><\/em><\/span><br \/>\n<em>Gold version for a legendary Fender Clean<\/em><br \/>\nDynamic, defined, clear, the ultimate clean guitar sound<br \/>\n<em><em><strong>On\/Stb<br \/>\nVol<\/strong><br \/>\n<strong>Bass, Mid, Treb<\/strong><\/em><\/em><\/li>\n<li><span style=\"color: #ff6600;\"><em><strong>M. Plexi<\/strong><\/em><\/span><br \/>\n<em>One of the most popular Marshall's models.<\/em><br \/>\nClear but above all an inimitable Rock taste. With a Master Vol for more nuances<br \/>\n<em><strong>On\/Stb<br \/>\nGain<\/strong><br \/>\n<strong>Bass, Mid, Treb<br \/>\nMaster\u00a0<\/strong>(a PPIMV dual Pot, just before the Tube Amp section)<strong><br \/>\n<\/strong><\/em><\/li>\n<li><span style=\"color: #ff6600;\"><em><strong>V. TB<\/strong><\/em><\/span><br \/>\n<em>Brian May's Vox AC30 Top Boost Channel !<\/em><br \/>\nDynamic, very defined, enough to break through the mix. With a Master Vol to drive the beast without going deaf<br \/>\n<em><strong>On\/Stb<br \/>\nVol<\/strong><br \/>\n<strong>Bass, Treb, Cut<br \/>\nMaster <\/strong>(a PPIMV dual Pot, just before the Tube Amp section)<\/em><\/li>\n<\/ul>\n<h6 style=\"text-align: center;\"><span style=\"color: #999999;\"><em>BOUTIQUE PEDALS FOR GUITAR &amp; BASS - HANDMADE IN FRANCE<\/em><\/span><\/h6>","protected":false},"excerpt":{"rendered":"<p><strong>LITTLE MONSTER<\/strong><em><em>, ampli \u00e0 Lampes Boutique 15 watts, ultra transportable !<\/em><\/em><\/p>\n<p style=\"text-align: left;\"><i class=\"fas fa-hand-point-right\"><\/i><em> D\u00e9tails et descriptif dans l&rsquo;onglet &lsquo;\u00c0 propos&rsquo;<br \/>\n( Illustrations \u00e0 titre d&rsquo;exemple )<\/em><\/p>\n<p><em>Livr\u00e9 avec une petite housse de protection en bandouli\u00e8re<\/em><br \/>\n<em>+ Bloc Alimentation<br \/>\n+ C\u00e2ble HP<\/em><\/p>\n<p><em>[icon name=\"exclamation-circle\" prefix=\"fas\"] Si vous souhaitez avoir un autre Preamp que ceux propos\u00e9s, une version &lsquo;custom&rsquo; ou 2 canaux, n&rsquo;h\u00e9sitez-pas \u00e0 me contacter.<\/em><\/p>\n","protected":false},"featured_media":10232,"template":"","meta":{"slim_seo":{"description":"Ampli Guitare Boutique \u00e0 lampes, 100% tubes, ultra transportable, Fender Princeton, Vox, Marshall","title":"Little Monster Amp - SABELYA\u00ae"},"_links_to":"","_links_to_target":""},"product_brand":[],"product_cat":[323],"product_tag":[],"class_list":{"0":"post-8108","1":"product","2":"type-product","3":"status-publish","4":"has-post-thumbnail","6":"product_cat-amp","7":"product_shipping_class-amp","9":"first","10":"onbackorder","11":"sold-individually","12":"shipping-taxable","13":"purchasable","14":"product-type-variable","15":"has-default-attributes","16":"rtwpvg-product"},"_links":{"self":[{"href":"https:\/\/sabelya.fr\/en\/wp-json\/wp\/v2\/product\/8108","targetHints":{"allow":["GET"]}}],"collection":[{"href":"https:\/\/sabelya.fr\/en\/wp-json\/wp\/v2\/product"}],"about":[{"href":"https:\/\/sabelya.fr\/en\/wp-json\/wp\/v2\/types\/product"}],"wp:featuredmedia":[{"embeddable":true,"href":"https:\/\/sabelya.fr\/en\/wp-json\/wp\/v2\/media\/10232"}],"wp:attachment":[{"href":"https:\/\/sabelya.fr\/en\/wp-json\/wp\/v2\/media?parent=8108"}],"wp:term":[{"taxonomy":"product_brand","embeddable":true,"href":"https:\/\/sabelya.fr\/en\/wp-json\/wp\/v2\/product_brand?post=8108"},{"taxonomy":"product_cat","embeddable":true,"href":"https:\/\/sabelya.fr\/en\/wp-json\/wp\/v2\/product_cat?post=8108"},{"taxonomy":"product_tag","embeddable":true,"href":"https:\/\/sabelya.fr\/en\/wp-json\/wp\/v2\/product_tag?post=8108"}],"curies":[{"name":"wp","href":"https:\/\/api.w.org\/{rel}","templated":true}]}}